{"id":154453,"date":"2026-02-05T13:17:15","date_gmt":"2026-02-05T13:17:15","guid":{"rendered":"http:\/\/staging.starandstampstore.com\/product\/polen-valgorenhetsblock-fran-1945-utgivet-till-forman-for-offren-fran-dachau\/"},"modified":"2026-02-05T13:17:19","modified_gmt":"2026-02-05T13:17:19","slug":"polen-valgorenhetsblock-fran-1945-utgivet-till-forman-for-offren-fran-dachau","status":"publish","type":"product","link":"https:\/\/staging.starandstampstore.com\/en\/product\/polen-valgorenhetsblock-fran-1945-utgivet-till-forman-for-offren-fran-dachau\/","title":{"rendered":"Polen  |   V\u00e4lg\u00f6renhetsblock fr\u00e5n 1945 utgivet till f\u00f6rm\u00e5n f\u00f6r offren fr\u00e5n Dachau"},"content":{"rendered":"<p>Felfritt ex.<\/p>\n<p>Skick  |  Postfriskt ( MNH )<\/p>","protected":false},"excerpt":{"rendered":"<p>Felfritt ex. Skick | Postfriskt ( MNH )<\/p>","protected":false},"featured_media":135215,"template":"","meta":{"site-sidebar-layout":"default","site-content-layout":"default","ast-site-content-layout":"default","site-content-style":"default","site-sidebar-style":"default","ast-global-header-display":"","ast-banner-title-visibility":"","ast-main-header-display":"","ast-hfb-above-header-display":"","ast-hfb-below-header-display":"","ast-hfb-mobile-header-display":"","site-post-title":"","ast-breadcrumbs-content":"","ast-featured-img":"","footer-sml-layout":"","ast-disable-related-posts":"","theme-transparent-header-meta":"default","adv-header-id-meta":"","stick-header-meta":"","header-above-stick-meta":"","header-main-stick-meta":"","header-below-stick-meta":"","astra-migrate-meta-layouts":"default","ast-page-background-enabled":"default","ast-page-background-meta":{"desktop":{"background-color":"","background-image":"","background-repeat":"repeat","background-position":"center center","background-size":"auto","background-attachment":"scroll","background-type":"","background-media":"","overlay-type":"","overlay-color":"","overlay-opacity":"","overlay-gradient":""},"tablet":{"background-color":"","background-image":"","background-repeat":"repeat","background-position":"center center","background-size":"auto","background-attachment":"scroll","background-type":"","background-media":"","overlay-type":"","overlay-color":"","overlay-opacity":"","overlay-gradient":""},"mobile":{"background-color":"","background-image":"","background-repeat":"repeat","background-position":"center center","background-size":"auto","background-attachment":"scroll","background-type":"","background-media":"","overlay-type":"","overlay-color":"","overlay-opacity":"","overlay-gradient":""}},"ast-content-background-meta":{"desktop":{"background-color":"var(--ast-global-color-5)","background-image":"","background-repeat":"repeat","background-position":"center center","background-size":"auto","background-attachment":"scroll","background-type":"","background-media":"","overlay-type":"","overlay-color":"","overlay-opacity":"","overlay-gradient":""},"tablet":{"background-color":"var(--ast-global-color-5)","background-image":"","background-repeat":"repeat","background-position":"center center","background-size":"auto","background-attachment":"scroll","background-type":"","background-media":"","overlay-type":"","overlay-color":"","overlay-opacity":"","overlay-gradient":""},"mobile":{"background-color":"var(--ast-global-color-5)","background-image":"","background-repeat":"repeat","background-position":"center center","background-size":"auto","background-attachment":"scroll","background-type":"","background-media":"","overlay-type":"","overlay-color":"","overlay-opacity":"","overlay-gradient":""}}},"product_brand":[],"product_cat":[2024,54,22,446,2023,347,1243],"product_tag":[],"class_list":{"0":"post-154453","1":"product","2":"type-product","3":"status-publish","4":"has-post-thumbnail","6":"product_cat-block-souvenirark-haften-polen-07-europa","7":"product_cat-07-europa","8":"product_cat-14-motiv","9":"product_cat-polen","10":"product_cat-polen-polen","11":"product_cat-roda-korset","12":"product_cat-02-speciellt-utvalda","13":"pa_skick-postfriskt-mnh","14":"desktop-align-center","15":"tablet-align-center","16":"mobile-align-center","17":"ast-product-gallery-layout-horizontal-slider","18":"ast-product-gallery-with-no-image","19":"ast-product-tabs-layout-horizontal","21":"first","22":"instock","23":"purchasable","24":"product-type-simple"},"jetpack_sharing_enabled":true,"_links":{"self":[{"href":"https:\/\/staging.starandstampstore.com\/en\/wp-json\/wp\/v2\/product\/154453","targetHints":{"allow":["GET"]}}],"collection":[{"href":"https:\/\/staging.starandstampstore.com\/en\/wp-json\/wp\/v2\/product"}],"about":[{"href":"https:\/\/staging.starandstampstore.com\/en\/wp-json\/wp\/v2\/types\/product"}],"wp:featuredmedia":[{"embeddable":true,"href":"https:\/\/staging.starandstampstore.com\/en\/wp-json\/wp\/v2\/media\/135215"}],"wp:attachment":[{"href":"https:\/\/staging.starandstampstore.com\/en\/wp-json\/wp\/v2\/media?parent=154453"}],"wp:term":[{"taxonomy":"product_brand","embeddable":true,"href":"https:\/\/staging.starandstampstore.com\/en\/wp-json\/wp\/v2\/product_brand?post=154453"},{"taxonomy":"product_cat","embeddable":true,"href":"https:\/\/staging.starandstampstore.com\/en\/wp-json\/wp\/v2\/product_cat?post=154453"},{"taxonomy":"product_tag","embeddable":true,"href":"https:\/\/staging.starandstampstore.com\/en\/wp-json\/wp\/v2\/product_tag?post=154453"}],"curies":[{"name":"wp","href":"https:\/\/api.w.org\/{rel}","templated":true}]}}